{"id":313,"date":"2017-09-02T16:35:35","date_gmt":"2017-09-02T16:35:35","guid":{"rendered":"http:\/\/temalar7.temadijital.com\/kurumsal-eko\/?page_id=10"},"modified":"2024-12-18T12:57:43","modified_gmt":"2024-12-18T12:57:43","slug":"anasayfa","status":"publish","type":"page","link":"http:\/\/www.inter-pack.com.tr\/en\/","title":{"rendered":"Anasayfa"},"content":{"rendered":"<div id=\"pl-313\"  class=\"panel-layout\" ><div id=\"pg-313-0\"  class=\"panel-grid panel-no-style\" ><div id=\"pgc-313-0-0\"  class=\"panel-grid-cell\" ><div id=\"panel-313-0-0-0\" class=\"so-panel widget widget_sow-editor panel-first-child panel-last-child\" data-index=\"0\" ><div\n\t\t\t\n\t\t\tclass=\"so-widget-sow-editor so-widget-sow-editor-base\"\n\t\t\t\n\t\t>\n<div class=\"siteorigin-widget-tinymce textwidget\">\n\t<h3>16 Y\u0131ll\u0131k Tecr\u00fcbe ile G\u00fcvenilir \u00c7\u00f6z\u00fcmler<\/h3>\n<p>Kalite standartlar\u0131ndan \u00f6d\u00fcn vermeyen, m\u00fc\u015fteri memnuniyetini her zaman \u00f6nceliklendiren yakla\u015f\u0131m\u0131m\u0131zla, g\u00fcvenilirlik, yenilik\u00e7ilik ve dinamizm ilkelerini i\u015fimizin merkezine yerle\u015ftiriyoruz. 16 y\u0131l boyunca edindi\u011fimiz bilgi birikimi ve sekt\u00f6rel deneyimle, oluklu mukavva ve kutu \u00fcretiminde sizlere en iyi hizmeti sunmaya devam ediyoruz.<\/p>\n<a href=\"#\" class=\"theme-button p-bg-color\" style=\"background: #009dcd\" target=\"_blank\">Devam\u0131n\u0131 Oku<\/a>\n<\/div>\n<\/div><\/div><\/div><div id=\"pgc-313-0-1\"  class=\"panel-grid-cell\" ><div id=\"panel-313-0-1-0\" class=\"so-panel widget widget_media_image panel-first-child panel-last-child\" data-index=\"1\" ><div class=\"full-height-width panel-widget-style panel-widget-style-for-313-0-1-0\" ><img loading=\"lazy\" decoding=\"async\" width=\"1000\" height=\"667\" src=\"http:\/\/www.inter-pack.com.tr\/wp-content\/uploads\/2024\/12\/62b0314442.jpg\" class=\"image wp-image-399  attachment-full size-full\" alt=\"\" style=\"max-width: 100%; height: auto;\" srcset=\"http:\/\/www.inter-pack.com.tr\/wp-content\/uploads\/2024\/12\/62b0314442.jpg 1000w, http:\/\/www.inter-pack.com.tr\/wp-content\/uploads\/2024\/12\/62b0314442-300x200.jpg 300w, http:\/\/www.inter-pack.com.tr\/wp-content\/uploads\/2024\/12\/62b0314442-768x512.jpg 768w, http:\/\/www.inter-pack.com.tr\/wp-content\/uploads\/2024\/12\/62b0314442-97x65.jpg 97w, http:\/\/www.inter-pack.com.tr\/wp-content\/uploads\/2024\/12\/62b0314442-272x182.jpg 272w\" sizes=\"auto, (max-width: 1000px) 100vw, 1000px\" \/><\/div><\/div><\/div><\/div><div id=\"pg-313-1\"  class=\"panel-grid panel-no-style\" ><div id=\"pgc-313-1-0\"  class=\"panel-grid-cell panel-grid-cell-empty\" ><\/div><\/div><div id=\"pg-313-2\"  class=\"panel-grid panel-has-style\" ><div class=\"siteorigin-panels-stretch panel-row-style panel-row-style-for-313-2\" data-stretch-type=\"full\" ><div id=\"pgc-313-2-0\"  class=\"panel-grid-cell\" ><div class=\"theme-counter\">\n\t<div class=\"opacity\">\n\t\t<div class=\"text-center\">\n\t\t\t<i class=\"flaticon-handshake\"><\/i>\n\t\t\t<h5>Mutlu M\u00fc\u015fteriler<\/h5>\n\t\t\t<div class=\"number\"><span class=\"timer\" data-from=\"0\" data-to=\"250\" data-speed=\"1000\" data-refresh-interval=\"5\">0<\/span>+<\/div>\n\t\t<\/div> <!-- \/.text-center -->\n\t<\/div>\n<\/div>\n\t<\/div><div id=\"pgc-313-2-1\"  class=\"panel-grid-cell\" ><div class=\"theme-counter\">\n\t<div class=\"opacity\">\n\t\t<div class=\"text-center\">\n\t\t\t<i class=\"flaticon-smile\"><\/i>\n\t\t\t<h5>Memnuniyet<\/h5>\n\t\t\t<div class=\"number\"><span class=\"timer\" data-from=\"0\" data-to=\"99\" data-speed=\"1000\" data-refresh-interval=\"5\">0<\/span>%<\/div>\n\t\t<\/div> <!-- \/.text-center -->\n\t<\/div>\n<\/div>\n\t<\/div><div id=\"pgc-313-2-2\"  class=\"panel-grid-cell\" ><div class=\"theme-counter\">\n\t<div class=\"opacity\">\n\t\t<div class=\"text-center\">\n\t\t\t<i class=\"fa fa-heart\"><\/i>\n\t\t\t<h5>Yeni \u00dcr\u00fcn<\/h5>\n\t\t\t<div class=\"number\"><span class=\"timer\" data-from=\"0\" data-to=\"60\" data-speed=\"1000\" data-refresh-interval=\"5\">0<\/span><\/div>\n\t\t<\/div> <!-- \/.text-center -->\n\t<\/div>\n<\/div>\n\t<\/div><div id=\"pgc-313-2-3\"  class=\"panel-grid-cell\" ><div class=\"theme-counter\">\n\t<div class=\"opacity\">\n\t\t<div class=\"text-center\">\n\t\t\t<i class=\"flaticon-medal\"><\/i>\n\t\t\t<h5>Kalite<\/h5>\n\t\t\t<div class=\"number\"><span class=\"timer\" data-from=\"0\" data-to=\"100\" data-speed=\"1000\" data-refresh-interval=\"5\">0<\/span>%<\/div>\n\t\t<\/div> <!-- \/.text-center -->\n\t<\/div>\n<\/div>\n\t<\/div><\/div><\/div><div id=\"pg-313-3\"  class=\"panel-grid panel-no-style\" ><div id=\"pgc-313-3-0\"  class=\"panel-grid-cell\" >\t\t<div class=\"our-work\">\n\t\t\t<a href=\"\" class=\"work-box tran3s\">\n\t\t\t\t<i class=\"fa fa-file-pdf-o tran3s\"><\/i>\n\t\t\t\t<h5 class=\"tran3s\">Online Katalog<\/h5>\n\t\t\t<\/a> <!-- \/.work-box -->\n\t\t<\/div>\n\t\t\t<div class=\"our-work\">\n\t\t\t<a href=\"\" class=\"work-box tran3s\">\n\t\t\t\t<i class=\"fa fa-diamond tran3s\"><\/i>\n\t\t\t\t<h5 class=\"tran3s\">\u00dcr\u00fcnlerimiz<\/h5>\n\t\t\t<\/a> <!-- \/.work-box -->\n\t\t<\/div>\n\t<\/div><div id=\"pgc-313-3-1\"  class=\"panel-grid-cell\" >\t\t<div class=\"our-work\">\n\t\t\t<a href=\"https:\/\/www.inter-pack.com.tr\/iletisim\/\" class=\"work-box tran3s\">\n\t\t\t\t<i class=\"fa fa-file-text tran3s\"><\/i>\n\t\t\t\t<h5 class=\"tran3s\">Bize Ula\u015f\u0131n<\/h5>\n\t\t\t<\/a> <!-- \/.work-box -->\n\t\t<\/div>\n\t\t\t<div class=\"our-work\">\n\t\t\t<a href=\"\" class=\"work-box tran3s\">\n\t\t\t\t<i class=\"fa fa-check tran3s\"><\/i>\n\t\t\t\t<h5 class=\"tran3s\">Referanslar\u0131m\u0131z<\/h5>\n\t\t\t<\/a> <!-- \/.work-box -->\n\t\t<\/div>\n\t<\/div><div id=\"pgc-313-3-2\"  class=\"panel-grid-cell\" >\n\t<div id=\"panel-313-3-2-0\" class=\"so-panel widget widget_widget_accordion panel-first-child panel-last-child\" data-index=\"10\" >\t\t<div class=\"inspiration-tab\">\n\t\t\t<h4>Bizi Ni\u00e7in Tercih Etmelisiniz?<\/h4>\t\t\t<p>\u0130nterpack Oluklu Mukavva Koli Ambalaj Sanayi Ticaret LTD. \u015eT\u0130. olarak;<\/p>\t\t\t<div class=\"inspiration-panel\">\n\t\t\t\t<div class=\"panel-group theme-accordion\" id=\"accardion51132\">\n\t\t\t\t\t\t\t\t\t\t\t<div class=\"panel\">\n\t\t\t\t\t\t\t<div class=\"panel-heading active-panel\">\n\t\t\t\t\t\t\t\t<h6 class=\"panel-title\"><a data-toggle=\"collapse\" data-parent=\"#accardion51132\" href=\"#collapseaccardion51132-0\">Kalite ve G\u00fcvenilirlik<\/a><\/h6>\n\t\t\t\t\t\t\t<\/div>\n\t\t\t\t\t\t\t<div id=\"collapseaccardion51132-0\" class=\"panel-collapse collapse in\">\n\t\t\t\t\t\t\t\t<div class=\"panel-body\">\n\t\t\t\t\t\t\t\t\t<p>\u00dcretimde kalite standartlar\u0131ndan asla \u00f6d\u00fcn vermeyen anlay\u0131\u015f\u0131m\u0131zla, uzun \u00f6m\u00fcrl\u00fc ve dayan\u0131kl\u0131 \u00fcr\u00fcnler sunuyoruz. Her sipari\u015finizde ayn\u0131 g\u00fcveni ve memnuniyeti ya\u015faman\u0131z bizim \u00f6nceli\u011fimizdir.<\/p>\n\t\t\t\t\t\t\t\t<\/div>\n\t\t\t\t\t\t\t<\/div>\n\t\t\t\t\t\t<\/div> <!-- \/panel 1 -->\n\t\t\t\t\t\t\t\t\t\t\t<div class=\"panel\">\n\t\t\t\t\t\t\t<div class=\"panel-heading \">\n\t\t\t\t\t\t\t\t<h6 class=\"panel-title\"><a data-toggle=\"collapse\" data-parent=\"#accardion51132\" href=\"#collapseaccardion51132-1\">Yenilik\u00e7i Teknoloji ve Modern Tesis<\/a><\/h6>\n\t\t\t\t\t\t\t<\/div>\n\t\t\t\t\t\t\t<div id=\"collapseaccardion51132-1\" class=\"panel-collapse collapse \">\n\t\t\t\t\t\t\t\t<div class=\"panel-body\">\n\t\t\t\t\t\t\t\t\t<p>4.000 m\u00b2\u2019lik modern tesisimizde, en son teknolojik makine parkurumuzla h\u0131zl\u0131 ve verimli \u00fcretim sa\u011fl\u0131yoruz. Bu sayede ihtiya\u00e7lar\u0131n\u0131za \u00f6zel \u00e7\u00f6z\u00fcmleri tam zaman\u0131nda sunuyoruz.<\/p>\n\t\t\t\t\t\t\t\t<\/div>\n\t\t\t\t\t\t\t<\/div>\n\t\t\t\t\t\t<\/div> <!-- \/panel 1 -->\n\t\t\t\t\t\t\t\t\t\t\t<div class=\"panel\">\n\t\t\t\t\t\t\t<div class=\"panel-heading \">\n\t\t\t\t\t\t\t\t<h6 class=\"panel-title\"><a data-toggle=\"collapse\" data-parent=\"#accardion51132\" href=\"#collapseaccardion51132-2\">M\u00fc\u015fteri Odakl\u0131 Hizmet<\/a><\/h6>\n\t\t\t\t\t\t\t<\/div>\n\t\t\t\t\t\t\t<div id=\"collapseaccardion51132-2\" class=\"panel-collapse collapse \">\n\t\t\t\t\t\t\t\t<div class=\"panel-body\">\n\t\t\t\t\t\t\t\t\t<p>16 y\u0131ll\u0131k tecr\u00fcbemizle m\u00fc\u015fterilerimizin ihtiya\u00e7lar\u0131n\u0131 anl\u0131yor, her projeye \u00f6zel \u00e7\u00f6z\u00fcmler \u00fcretiyoruz. Sorunsuz s\u00fcre\u00e7 y\u00f6netimi ve memnuniyet garantisiyle i\u015finizin en g\u00fcvenilir destek\u00e7isi oluyoruz.<\/p>\n\t\t\t\t\t\t\t\t<\/div>\n\t\t\t\t\t\t\t<\/div>\n\t\t\t\t\t\t<\/div> <!-- \/panel 1 -->\n\t\t\t\t\t\t\t\t\t<\/div> <!-- end #accordion -->\n\t\t\t<\/div> <!-- End of .inspiration-panel -->\n\t\t<\/div> <!-- \/.inspiration-tab -->\n\t<\/div>\t<\/div><\/div><div id=\"pg-313-4\"  class=\"panel-grid panel-no-style\" ><div id=\"pgc-313-4-0\"  class=\"panel-grid-cell panel-grid-cell-empty\" ><\/div><\/div><div id=\"pg-313-5\"  class=\"panel-grid panel-no-style\" ><div id=\"pgc-313-5-0\"  class=\"panel-grid-cell panel-grid-cell-empty\" ><\/div><\/div><div id=\"pg-313-6\"  class=\"panel-grid panel-has-style\" ><div class=\"siteorigin-panels-stretch panel-row-style panel-row-style-for-313-6\" data-stretch-type=\"full\" ><div id=\"pgc-313-6-0\"  class=\"panel-grid-cell\" >\t<!--\n\t=============================================\n\t\tClient Slider\n\t==============================================\n\t-->\n\t<div id=\"panel-313-6-0-0\" class=\"so-panel widget widget_widget_testimonials panel-first-child panel-last-child\" data-index=\"11\" >\t\t<div class=\"client-slider\">\n\t\t\t<div class=\"opacity\">\n\t\t\t\t<div class=\"container\">\n\t\t\t\t\t<div class=\"theme-title\"><h3 class=\"widget-title\">M\u00fc\u015fteri Yorumlar\u0131<\/h3><\/div> <!-- \/.theme-title -->\n\t\t\t\t\t<div class=\"row\">\n\t\t\t\t\t\t<div class=\"testimonial-slider\">\n\t\t\t\t\t\t\t\t\t\t\t\t\t\t\t<div class=\"item\">\n\t\t\t\t\t\t\t\t\t<div class=\"text\"><p>Mehmet Y. \u2b50\u2b50\u2b50\u2b50\u2b50: Sipari\u015f etti\u011fimiz kutular tam istedi\u011fimiz gibi ve olduk\u00e7a dayan\u0131kl\u0131yd\u0131. Teslimat s\u00fcresi de ger\u00e7ekten \u00e7ok h\u0131zl\u0131yd\u0131. Bu kadar titiz \u00e7al\u0131\u015fan bir firma bulmak kolay de\u011fil, te\u015fekk\u00fcr ederiz<\/p><\/div>\n\t\t\t\t\t\t\t\t<\/div> <!-- \/.item -->\n\t\t\t\t\t\t\t\t\t\t\t\t\t\t\t<div class=\"item\">\n\t\t\t\t\t\t\t\t\t<div class=\"text\"><p>Elif D. \u2b50\u2b50\u2b50\u2b50\u2b50: \u00d6zel \u00f6l\u00e7\u00fclerde koli sipari\u015f etmi\u015ftik ve s\u00fcre\u00e7 ba\u015f\u0131ndan sonuna kadar \u00e7ok profesyoneldi. Her konuda yard\u0131mc\u0131 oldular ve istedi\u011fimizden daha iyi bir sonu\u00e7 \u00e7\u0131kt\u0131. Kesinlikle tavsiye ederim.<\/p><\/div>\n\t\t\t\t\t\t\t\t<\/div> <!-- \/.item -->\n\t\t\t\t\t\t\t\t\t\t\t\t\t\t\t<div class=\"item\">\n\t\t\t\t\t\t\t\t\t<div class=\"text\"><p>Ahmet K. \u2b50\u2b50\u2b50\u2b50\u2b50: Uzun zamand\u0131r \u0130nter-Pack ile \u00e7al\u0131\u015f\u0131yoruz. Hem \u00fcr\u00fcn kalitesi hem de hizmet h\u0131zlar\u0131 m\u00fckemmel. \u0130\u015flerini b\u00f6yle severek yapan bir ekiple \u00e7al\u0131\u015fmak ger\u00e7ekten \u00e7ok rahatlat\u0131c\u0131.<\/p><\/div>\n\t\t\t\t\t\t\t\t<\/div> <!-- \/.item -->\n\t\t\t\t\t\t\t\t\t\t\t\t\t\t\t<div class=\"item\">\n\t\t\t\t\t\t\t\t\t<div class=\"text\"><p>Ay\u015fe \u00c7. \u2b50\u2b50\u2b50\u2b50\u2b50: Kutular\u0131n hem tasar\u0131m\u0131 hem de dayan\u0131kl\u0131l\u0131\u011f\u0131 tam istedi\u011fimiz gibi oldu. Her detay\u0131 dikkate alarak \u00e7al\u0131\u015ft\u0131lar. G\u00f6z\u00fcn\u00fcz kapal\u0131 g\u00fcvenebilirsiniz!\n<\/p><\/div>\n\t\t\t\t\t\t\t\t<\/div> <!-- \/.item -->\n\t\t\t\t\t\t\t\t\t\t\t\t\t\t\t<div class=\"item\">\n\t\t\t\t\t\t\t\t\t<div class=\"text\"><p>Hasan A. \u2b50\u2b50\u2b50\u2b50\u2b50: Birden fazla sipari\u015f verdik ve hepsinde ayn\u0131 kaliteyi ald\u0131k. \u0130lgileri, \u00f6nerileri ve \u00e7\u00f6z\u00fcm odakl\u0131 yakla\u015f\u0131mlar\u0131 bizi \u00e7ok memnun etti. Te\u015fekk\u00fcrler \u0130nter-Pack!\n<\/p><\/div>\n\t\t\t\t\t\t\t\t<\/div> <!-- \/.item -->\n\t\t\t\t\t\t\t\t\t\t\t\t\t<\/div> <!-- \/.col- -->\n\t\t\t\t\t<\/div> <!-- \/.row -->\n\t\t\t\t<\/div> <!-- \/.container -->\n\t\t\t<\/div> <!-- \/.opacity -->\n\t\t<\/div> <!-- \/.client-slider -->\n\t<\/div>\t<\/div><\/div><\/div><\/div>","protected":false},"excerpt":{"rendered":"<p>16 Y\u0131ll\u0131k Tecr\u00fcbe ile G\u00fcvenilir \u00c7\u00f6z\u00fcmler Kalite standartlar\u0131ndan \u00f6d\u00fcn vermeyen, m\u00fc\u015fteri memnuniyetini her zaman \u00f6nceliklendiren yakla\u015f\u0131m\u0131m\u0131zla, g\u00fcvenilirlik, yenilik\u00e7ilik ve dinamizm ilkelerini i\u015fimizin merkezine yerle\u015ftiriyoruz. 16 y\u0131l boyunca edindi\u011fimiz bilgi birikimi ve sekt\u00f6rel deneyimle, oluklu mukavva ve kutu \u00fcretiminde sizlere en iyi hizmeti sunmaya devam ediyoruz.<\/p>\n","protected":false},"author":1,"featured_media":0,"parent":0,"menu_order":0,"comment_status":"open","ping_status":"open","template":"template-blank.php","meta":{"om_disable_all_campaigns":false,"footnotes":""},"class_list":["post-313","page","type-page","status-publish","hentry"],"aioseo_notices":[],"_links":{"self":[{"href":"http:\/\/www.inter-pack.com.tr\/en\/wp-json\/wp\/v2\/pages\/313","targetHints":{"allow":["GET"]}}],"collection":[{"href":"http:\/\/www.inter-pack.com.tr\/en\/wp-json\/wp\/v2\/pages"}],"about":[{"href":"http:\/\/www.inter-pack.com.tr\/en\/wp-json\/wp\/v2\/types\/page"}],"author":[{"embeddable":true,"href":"http:\/\/www.inter-pack.com.tr\/en\/wp-json\/wp\/v2\/users\/1"}],"replies":[{"embeddable":true,"href":"http:\/\/www.inter-pack.com.tr\/en\/wp-json\/wp\/v2\/comments?post=313"}],"version-history":[{"count":6,"href":"http:\/\/www.inter-pack.com.tr\/en\/wp-json\/wp\/v2\/pages\/313\/revisions"}],"predecessor-version":[{"id":413,"href":"http:\/\/www.inter-pack.com.tr\/en\/wp-json\/wp\/v2\/pages\/313\/revisions\/413"}],"wp:attachment":[{"href":"http:\/\/www.inter-pack.com.tr\/en\/wp-json\/wp\/v2\/media?parent=313"}],"curies":[{"name":"wp","href":"https:\/\/api.w.org\/{rel}","templated":true}]}}