{"id":79,"date":"2017-11-02T17:52:07","date_gmt":"2017-11-02T17:52:07","guid":{"rendered":"http:\/\/temalar7.temadijital.com\/kurumsal-eko\/?page_id=79"},"modified":"2024-12-30T10:44:20","modified_gmt":"2024-12-30T10:44:20","slug":"iletisim","status":"publish","type":"page","link":"https:\/\/www.inter-pack.com.tr\/en\/iletisim\/","title":{"rendered":"\u0130leti\u015fim"},"content":{"rendered":"<div id=\"pl-79\"  class=\"panel-layout\" ><div id=\"pg-79-0\"  class=\"panel-grid panel-no-style\" ><div id=\"pgc-79-0-0\"  class=\"panel-grid-cell panel-grid-cell-empty\" ><\/div><\/div><div id=\"pg-79-1\"  class=\"panel-grid panel-no-style\" ><div id=\"pgc-79-1-0\"  class=\"panel-grid-cell panel-grid-cell-empty\" ><\/div><div id=\"pgc-79-1-1\"  class=\"panel-grid-cell panel-grid-cell-mobile-last\" >\t\t<div class=\"contact-address\">\n\t\t\t<div class=\"single-branch\">\n\t\t\t\t<h4>Fabrika - Merkez<\/h4>\t\t\t\t<ul>\n\t\t\t\t\t<li><i class=\"flaticon-phone\"><\/i> Telefon: +90 534 230 73 48<\/li><li><i class=\"fa fa-envelope-o\"><\/i> E-Posta: siparis@inter-pack.com.tr<\/li><li><i class=\"flaticon-map\"><\/i> Adres :  Mollafenari, 4011. Sokak No: 30\/1, 41400 Gebze\/Kocaeli<\/li>\t\t\t\t<\/ul>\n\t\t\t<\/div> <!-- \/.single-branch -->\n\t\t<\/div>\n\t\t\t<div class=\"our-work\">\n\t\t\t<a href=\"https:\/\/api.whatsapp.com\/send?phone=905342307348\" class=\"work-box tran3s\">\n\t\t\t\t<i class=\"flaticon-phone tran3s\"><\/i>\n\t\t\t\t<h5 class=\"tran3s\">\u00d6zel \u00dcr\u00fcn Talepleriniz i\u00e7in WhatsApp'tan Bize Yaz\u0131n<\/h5>\n\t\t\t<\/a> <!-- \/.work-box -->\n\t\t<\/div>\n\t<\/div><div id=\"pgc-79-1-2\"  class=\"panel-grid-cell panel-grid-cell-empty\" ><\/div><\/div><div id=\"pg-79-2\"  class=\"panel-grid panel-has-style\" ><div class=\"siteorigin-panels-stretch panel-row-style panel-row-style-for-79-2\" data-stretch-type=\"full-width-stretch\" ><div id=\"pgc-79-2-0\"  class=\"panel-grid-cell\" ><div id=\"panel-79-2-0-0\" class=\"so-panel widget widget_text panel-first-child panel-last-child\" data-index=\"2\" >\t\t\t<div class=\"textwidget\"><p><iframe src=\"https:\/\/www.google.com\/maps\/embed?pb=!1m18!1m12!1m3!1d96591.86625250625!2d29.343905853390556!3d40.83903673541537!2m3!1f0!2f0!3f0!3m2!1i1024!2i768!4f13.1!3m3!1m2!1s0x14cadfd7fc97ec4d%3A0xbdc4c9093e3ff5d5!2s%C4%B0nterpack%20Oluklu%20Mukavva%20Koli%20Ambalaj%20Sanayi%20Ticaret%20LTD.%20%C5%9ET%C4%B0.!5e0!3m2!1str!2str!4v1734525271579!5m2!1str!2str\" frameborder=\"0\" allowfullscreen=\"\"><span data-mce-type=\"bookmark\" style=\"display: inline-block; width: 0px; overflow: hidden; line-height: 0;\" class=\"mce_SELRES_start\"><\/span><\/iframe><\/p>\n<\/div>\n\t\t<\/div><\/div><\/div><\/div><\/div>","protected":false},"excerpt":{"rendered":"<p>Fabrika &#8211; Merkez Telefon: +90 534 230 73 48 E-Posta: siparis@inter-pack.com.tr Adres : Mollafenari, 4011. Sokak No: 30\/1, 41400 Gebze\/Kocaeli \u00d6zel \u00dcr\u00fcn Talepleriniz i\u00e7in WhatsApp&#8217;tan Bize Yaz\u0131n<\/p>\n","protected":false},"author":1,"featured_media":82,"parent":0,"menu_order":0,"comment_status":"open","ping_status":"open","template":"","meta":{"om_disable_all_campaigns":false,"footnotes":""},"class_list":["post-79","page","type-page","status-publish","has-post-thumbnail","hentry"],"aioseo_notices":[],"_links":{"self":[{"href":"https:\/\/www.inter-pack.com.tr\/en\/wp-json\/wp\/v2\/pages\/79","targetHints":{"allow":["GET"]}}],"collection":[{"href":"https:\/\/www.inter-pack.com.tr\/en\/wp-json\/wp\/v2\/pages"}],"about":[{"href":"https:\/\/www.inter-pack.com.tr\/en\/wp-json\/wp\/v2\/types\/page"}],"author":[{"embeddable":true,"href":"https:\/\/www.inter-pack.com.tr\/en\/wp-json\/wp\/v2\/users\/1"}],"replies":[{"embeddable":true,"href":"https:\/\/www.inter-pack.com.tr\/en\/wp-json\/wp\/v2\/comments?post=79"}],"version-history":[{"count":6,"href":"https:\/\/www.inter-pack.com.tr\/en\/wp-json\/wp\/v2\/pages\/79\/revisions"}],"predecessor-version":[{"id":496,"href":"https:\/\/www.inter-pack.com.tr\/en\/wp-json\/wp\/v2\/pages\/79\/revisions\/496"}],"wp:featuredmedia":[{"embeddable":true,"href":"https:\/\/www.inter-pack.com.tr\/en\/wp-json\/wp\/v2\/media\/82"}],"wp:attachment":[{"href":"https:\/\/www.inter-pack.com.tr\/en\/wp-json\/wp\/v2\/media?parent=79"}],"curies":[{"name":"wp","href":"https:\/\/api.w.org\/{rel}","templated":true}]}}